{"id":27994,"date":"2022-06-24T15:39:08","date_gmt":"2022-06-24T13:39:08","guid":{"rendered":"http:\/\/www.hapy-com.fr\/echoppe\/product\/drapeau-sur-sac-a-dos-personnalisable-walomo\/"},"modified":"2022-06-25T08:32:21","modified_gmt":"2022-06-25T06:32:21","slug":"drapeau-sur-sac-a-dos-personnalisable-walomo","status":"publish","type":"product","link":"https:\/\/www.hapy-com.fr\/echoppe\/product\/drapeau-sur-sac-a-dos-personnalisable-walomo\/","title":{"rendered":"Drapeau sur Sac \u00e0 Dos personnalisable &#8211; WALOMO"},"content":{"rendered":"<p>Ce sac \u00e0 dos porte-drapeau aussi appel\u00e9 meneur d\u2019allure est particuli\u00e8rement adapt\u00e9 aux op\u00e9rations de street marketing et aux courses \u00e0 pied. Le sac \u00e0 dos est mont\u00e9 sur une coque thermoform\u00e9e \u00e9pousant la forme du dos. Serrage poitrine et taille. Voile maille 100% polyester 115g\/m2. L\u2019impression est r\u00e9alis\u00e9e en sublimation num\u00e9rique Haute-D\u00e9finition, en recto ou recto\/verso. En impression recto seule, le visuel reste visible de l\u2019autre c\u00f4t\u00e9 par transparence. 2 formes de voiles sont au choix : la forme classique WF (r\u00e9f : WF 120) ou goutte d\u2019eau (r\u00e9f : FF 110). Sur la voile, le fourreau noir est en polyester Oxford 300 D. M\u00e2t en fibre de carbone. L\u2019installation se fait en 1 minute..Structure disponible sur stock dans notre entrep\u00f4t parisien, impression r\u00e9alis\u00e9e apr\u00e8s validation de la commande<\/p>\n","protected":false},"excerpt":{"rendered":"<p>Ce sac \u00e0 dos porte-drapeau aussi appel\u00e9 meneur d\u2019allure est particuli\u00e8rement adapt\u00e9 aux op\u00e9rations de street marketing et aux courses \u00e0 pied. Le sac \u00e0 dos<\/p>\n","protected":false},"featured_media":28188,"template":"","meta":[],"product_cat":[341],"product_tag":[409,410,371,407,408],"class_list":{"0":"post-27994","1":"product","2":"type-product","3":"status-publish","4":"has-post-thumbnail","6":"product_cat-plv","7":"product_tag-moins","8":"product_tag-2m","9":"product_tag-de","10":"product_tag-petites","11":"product_tag-voiles","13":"first","14":"instock","15":"shipping-taxable","16":"purchasable","17":"product-type-simple"},"_links":{"self":[{"href":"https:\/\/www.hapy-com.fr\/echoppe\/wp-json\/wp\/v2\/product\/27994","targetHints":{"allow":["GET"]}}],"collection":[{"href":"https:\/\/www.hapy-com.fr\/echoppe\/wp-json\/wp\/v2\/product"}],"about":[{"href":"https:\/\/www.hapy-com.fr\/echoppe\/wp-json\/wp\/v2\/types\/product"}],"wp:featuredmedia":[{"embeddable":true,"href":"https:\/\/www.hapy-com.fr\/echoppe\/wp-json\/wp\/v2\/media\/28188"}],"wp:attachment":[{"href":"https:\/\/www.hapy-com.fr\/echoppe\/wp-json\/wp\/v2\/media?parent=27994"}],"wp:term":[{"taxonomy":"product_cat","embeddable":true,"href":"https:\/\/www.hapy-com.fr\/echoppe\/wp-json\/wp\/v2\/product_cat?post=27994"},{"taxonomy":"product_tag","embeddable":true,"href":"https:\/\/www.hapy-com.fr\/echoppe\/wp-json\/wp\/v2\/product_tag?post=27994"}],"curies":[{"name":"wp","href":"https:\/\/api.w.org\/{rel}","templated":true}]}}