{"id":27996,"date":"2022-06-24T15:39:09","date_gmt":"2022-06-24T13:39:09","guid":{"rendered":"http:\/\/www.hapy-com.fr\/echoppe\/product\/arche-gonflable-45-x-32m-personnalisable-walomo\/"},"modified":"2022-06-25T08:23:14","modified_gmt":"2022-06-25T06:23:14","slug":"arche-gonflable-45-x-32m-personnalisable-walomo","status":"publish","type":"product","link":"https:\/\/www.hapy-com.fr\/echoppe\/product\/arche-gonflable-45-x-32m-personnalisable-walomo\/","title":{"rendered":"Arche Gonflable 4,5 x 3,2m personnalisable &#8211; WALOMO"},"content":{"rendered":"<p>Arche gonflable personnalisable 4,50 x 3,20m de forme rectangulaire. Structure noire ultra-r\u00e9sistante gr\u00e2ce \u00e0 sa composition en triple peau. Cet alliage de mat\u00e9riaux techniques lui permet d\u2019\u00eatre beaucoup plus l\u00e9g\u00e8re qu\u2019une arche en PVC Tarpaulin classique (7kg contre 15kg). L\u2019arche est personnalis\u00e9e par 3 bandeaux imprim\u00e9s en quadri num\u00e9rique qui sont fix\u00e9es par velcro autour des boudins.Traitement Anti-feu norme CPAI 84 pour utilisation en int\u00e9rieur. L\u2019arche se gonfle en 3 minutes et s\u2019installe en 5 minutes. Elle est livr\u00e9e dans son sac de transport avec sardines et cordes de fixation..Structure disponible sur stock dans notre entrep\u00f4t parisien, impression r\u00e9alis\u00e9e apr\u00e8s validation de la commande<\/p>\n","protected":false},"excerpt":{"rendered":"<p>Arche gonflable personnalisable 4,50 x 3,20m de forme rectangulaire. Structure noire ultra-r\u00e9sistante gr\u00e2ce \u00e0 sa composition en triple peau. Cet alliage de<\/p>\n","protected":false},"featured_media":28158,"template":"","meta":[],"product_cat":[341],"product_tag":[428],"class_list":{"0":"post-27996","1":"product","2":"type-product","3":"status-publish","4":"has-post-thumbnail","6":"product_cat-plv","7":"product_tag-arches","9":"first","10":"instock","11":"shipping-taxable","12":"purchasable","13":"product-type-simple"},"_links":{"self":[{"href":"https:\/\/www.hapy-com.fr\/echoppe\/wp-json\/wp\/v2\/product\/27996","targetHints":{"allow":["GET"]}}],"collection":[{"href":"https:\/\/www.hapy-com.fr\/echoppe\/wp-json\/wp\/v2\/product"}],"about":[{"href":"https:\/\/www.hapy-com.fr\/echoppe\/wp-json\/wp\/v2\/types\/product"}],"wp:featuredmedia":[{"embeddable":true,"href":"https:\/\/www.hapy-com.fr\/echoppe\/wp-json\/wp\/v2\/media\/28158"}],"wp:attachment":[{"href":"https:\/\/www.hapy-com.fr\/echoppe\/wp-json\/wp\/v2\/media?parent=27996"}],"wp:term":[{"taxonomy":"product_cat","embeddable":true,"href":"https:\/\/www.hapy-com.fr\/echoppe\/wp-json\/wp\/v2\/product_cat?post=27996"},{"taxonomy":"product_tag","embeddable":true,"href":"https:\/\/www.hapy-com.fr\/echoppe\/wp-json\/wp\/v2\/product_tag?post=27996"}],"curies":[{"name":"wp","href":"https:\/\/api.w.org\/{rel}","templated":true}]}}