{"id":28000,"date":"2022-06-24T15:39:09","date_gmt":"2022-06-24T13:39:09","guid":{"rendered":"http:\/\/www.hapy-com.fr\/echoppe\/product\/tente-gonflable-6x6m-personnalisable-walomo\/"},"modified":"2022-06-24T23:00:39","modified_gmt":"2022-06-24T21:00:39","slug":"tente-gonflable-6x6m-personnalisable-walomo","status":"publish","type":"product","link":"https:\/\/www.hapy-com.fr\/echoppe\/product\/tente-gonflable-6x6m-personnalisable-walomo\/","title":{"rendered":"Tente Gonflable 6X6m personnalisable &#8211; WALOMO"},"content":{"rendered":"<p>La tente gonflable \u00e9venementielle est livr\u00e9e avec son sac de transport, des sardines et des cordes de fixation ainsi que des poches lestables qui se placent \u00e0 l\u2019int\u00e9rieur des pieds noirs pour garder l\u2019esth\u00e9tique de la tente. Lors de la configuration de votre tente, vous pouvez s\u00e9lectionnez une structure REGULAR sur stock (disponible uniquement en blanc, livr\u00e9e en 3 jours) ou une structure ALLOVER avec son toit imprim\u00e9 en quadri allover (livr\u00e9e en 4 semaines). Cette nouvelle tente gonflable b\u00e9n\u00e9ficie d&rsquo;une technologie nouvelle\u00a0: d\u2019un c\u00f4t\u00e9, une structure triple peau ultra-l\u00e9g\u00e8re, de l\u2019autre, un textile avec membrane garantissant l\u2019\u00e9lasticit\u00e9, l\u2019\u00e9tanch\u00e9it\u00e9 et la personnalisation totale de la tente (finition ALLOVER). Toutes les coutures sont soud\u00e9es et \u00e9tanches. Traitement Anti-feu norme CPAI 84 pour utilisation en int\u00e9rieur. Le montage est r\u00e9alisable en 5 minutes. Possibilit\u00e9 de poser des transferts au format A3 sur le toit et\/ou sur les portes..Structure disponible sur stock dans notre entrep\u00f4t parisien, impression r\u00e9alis\u00e9e apr\u00e8s validation de la commande<\/p>\n","protected":false},"excerpt":{"rendered":"<p>La tente gonflable \u00e9venementielle est livr\u00e9e avec son sac de transport, des sardines et des cordes de fixation ainsi que des poches lestables qui se placen<\/p>\n","protected":false},"featured_media":28102,"template":"","meta":[],"product_cat":[341],"product_tag":[418],"class_list":{"0":"post-28000","1":"product","2":"type-product","3":"status-publish","4":"has-post-thumbnail","6":"product_cat-plv","7":"product_tag-tentes","9":"first","10":"instock","11":"shipping-taxable","12":"purchasable","13":"product-type-simple"},"_links":{"self":[{"href":"https:\/\/www.hapy-com.fr\/echoppe\/wp-json\/wp\/v2\/product\/28000","targetHints":{"allow":["GET"]}}],"collection":[{"href":"https:\/\/www.hapy-com.fr\/echoppe\/wp-json\/wp\/v2\/product"}],"about":[{"href":"https:\/\/www.hapy-com.fr\/echoppe\/wp-json\/wp\/v2\/types\/product"}],"wp:featuredmedia":[{"embeddable":true,"href":"https:\/\/www.hapy-com.fr\/echoppe\/wp-json\/wp\/v2\/media\/28102"}],"wp:attachment":[{"href":"https:\/\/www.hapy-com.fr\/echoppe\/wp-json\/wp\/v2\/media?parent=28000"}],"wp:term":[{"taxonomy":"product_cat","embeddable":true,"href":"https:\/\/www.hapy-com.fr\/echoppe\/wp-json\/wp\/v2\/product_cat?post=28000"},{"taxonomy":"product_tag","embeddable":true,"href":"https:\/\/www.hapy-com.fr\/echoppe\/wp-json\/wp\/v2\/product_tag?post=28000"}],"curies":[{"name":"wp","href":"https:\/\/api.w.org\/{rel}","templated":true}]}}