{"id":28018,"date":"2022-06-24T15:39:15","date_gmt":"2022-06-24T13:39:15","guid":{"rendered":"http:\/\/www.hapy-com.fr\/echoppe\/product\/support-x-luxury-80-x-180-cm-personnalisable-walomo\/"},"modified":"2022-06-24T22:19:58","modified_gmt":"2022-06-24T20:19:58","slug":"support-x-luxury-80-x-180-cm-personnalisable-walomo","status":"publish","type":"product","link":"https:\/\/www.hapy-com.fr\/echoppe\/product\/support-x-luxury-80-x-180-cm-personnalisable-walomo\/","title":{"rendered":"Support x Luxury 80 x 180 cm personnalisable &#8211; WALOMO"},"content":{"rendered":"<p>Rotule en PVC.<br \/>\nTraverses en m\u00e9tal finition aluminium.<br \/>\nEmballage tube individuel diam\u00e8tre 11 cm.<br \/>\n3 tailles disponibles..Structure disponible sur stock dans notre entrep\u00f4t parisien, impression r\u00e9alis\u00e9e apr\u00e8s validation de la commande<\/p>\n","protected":false},"excerpt":{"rendered":"<p>Rotule en PVC.<br \/>\nTraverses en m\u00e9tal finition aluminium.<br \/>\nEmballage tube individuel diam\u00e8tre 11 cm.<br \/>\n3 tailles disponibles..Structure disponible sur stock dans<\/p>\n","protected":false},"featured_media":28032,"template":"","meta":[],"product_cat":[341],"product_tag":[423],"class_list":{"0":"post-28018","1":"product","2":"type-product","3":"status-publish","4":"has-post-thumbnail","6":"product_cat-plv","7":"product_tag-normal","9":"first","10":"instock","11":"shipping-taxable","12":"purchasable","13":"product-type-simple"},"_links":{"self":[{"href":"https:\/\/www.hapy-com.fr\/echoppe\/wp-json\/wp\/v2\/product\/28018","targetHints":{"allow":["GET"]}}],"collection":[{"href":"https:\/\/www.hapy-com.fr\/echoppe\/wp-json\/wp\/v2\/product"}],"about":[{"href":"https:\/\/www.hapy-com.fr\/echoppe\/wp-json\/wp\/v2\/types\/product"}],"wp:featuredmedia":[{"embeddable":true,"href":"https:\/\/www.hapy-com.fr\/echoppe\/wp-json\/wp\/v2\/media\/28032"}],"wp:attachment":[{"href":"https:\/\/www.hapy-com.fr\/echoppe\/wp-json\/wp\/v2\/media?parent=28018"}],"wp:term":[{"taxonomy":"product_cat","embeddable":true,"href":"https:\/\/www.hapy-com.fr\/echoppe\/wp-json\/wp\/v2\/product_cat?post=28018"},{"taxonomy":"product_tag","embeddable":true,"href":"https:\/\/www.hapy-com.fr\/echoppe\/wp-json\/wp\/v2\/product_tag?post=28018"}],"curies":[{"name":"wp","href":"https:\/\/api.w.org\/{rel}","templated":true}]}}