{"id":28020,"date":"2022-06-24T15:39:15","date_gmt":"2022-06-24T13:39:15","guid":{"rendered":"http:\/\/www.hapy-com.fr\/echoppe\/product\/support-x-pour-bureau-personnalisable-walomo\/"},"modified":"2022-06-24T22:18:21","modified_gmt":"2022-06-24T20:18:21","slug":"support-x-pour-bureau-personnalisable-walomo","status":"publish","type":"product","link":"https:\/\/www.hapy-com.fr\/echoppe\/product\/support-x-pour-bureau-personnalisable-walomo\/","title":{"rendered":"Support x Pour Bureau personnalisable &#8211; WALOMO"},"content":{"rendered":"<p>Support en X, utilisation int\u00e9rieure.<br \/>\nRotule de rotation en PVC transparent.<br \/>\nStructure simple d\u2019utilisation.<br \/>\nFormat structure : 29.7 x 42 cm.<br \/>\nAffiche en b\u00e2che anti-feu norme europ\u00e9enne B1 : 29.7 x 38 cm..Structure disponible sur stock dans notre entrep\u00f4t parisien, impression r\u00e9alis\u00e9e apr\u00e8s validation de la commande<\/p>\n","protected":false},"excerpt":{"rendered":"<p>Support en X, utilisation int\u00e9rieure.<br \/>\nRotule de rotation en PVC transparent.<br \/>\nStructure simple d\u2019utilisation.<br \/>\nFormat structure : 29.7 x 42 cm.<br \/>\nAffiche en b\u00e2<\/p>\n","protected":false},"featured_media":28025,"template":"","meta":[],"product_cat":[341],"product_tag":[431],"class_list":{"0":"post-28020","1":"product","2":"type-product","3":"status-publish","4":"has-post-thumbnail","6":"product_cat-plv","7":"product_tag-mini","9":"first","10":"instock","11":"shipping-taxable","12":"purchasable","13":"product-type-simple"},"_links":{"self":[{"href":"https:\/\/www.hapy-com.fr\/echoppe\/wp-json\/wp\/v2\/product\/28020","targetHints":{"allow":["GET"]}}],"collection":[{"href":"https:\/\/www.hapy-com.fr\/echoppe\/wp-json\/wp\/v2\/product"}],"about":[{"href":"https:\/\/www.hapy-com.fr\/echoppe\/wp-json\/wp\/v2\/types\/product"}],"wp:featuredmedia":[{"embeddable":true,"href":"https:\/\/www.hapy-com.fr\/echoppe\/wp-json\/wp\/v2\/media\/28025"}],"wp:attachment":[{"href":"https:\/\/www.hapy-com.fr\/echoppe\/wp-json\/wp\/v2\/media?parent=28020"}],"wp:term":[{"taxonomy":"product_cat","embeddable":true,"href":"https:\/\/www.hapy-com.fr\/echoppe\/wp-json\/wp\/v2\/product_cat?post=28020"},{"taxonomy":"product_tag","embeddable":true,"href":"https:\/\/www.hapy-com.fr\/echoppe\/wp-json\/wp\/v2\/product_tag?post=28020"}],"curies":[{"name":"wp","href":"https:\/\/api.w.org\/{rel}","templated":true}]}}