{"id":28021,"date":"2022-06-24T15:39:15","date_gmt":"2022-06-24T13:39:15","guid":{"rendered":"http:\/\/www.hapy-com.fr\/echoppe\/product\/support-x-promo-60-x-160-cm-personnalisable-walomo\/"},"modified":"2022-06-24T22:17:31","modified_gmt":"2022-06-24T20:17:31","slug":"support-x-promo-60-x-160-cm-personnalisable-walomo","status":"publish","type":"product","link":"https:\/\/www.hapy-com.fr\/echoppe\/product\/support-x-promo-60-x-160-cm-personnalisable-walomo\/","title":{"rendered":"Support x Promo 60 x 160 cm personnalisable &#8211; WALOMO"},"content":{"rendered":"<p>Rotule en PVC rigide avec inclinaison fixe.<br \/>\nTraverses en fibre de verre. Affiche en b\u00e2che B1.<br \/>\nColisage : 20 pcs \/ cartons. Pack sp\u00e9cial routage possible.<br \/>\nUtilisation int\u00e9rieure.<br \/>\nAu choix :<br \/>\nConditionnement sans tube ou avec tube carton individuel 8 cm x 90 cm..Structure disponible sur stock dans notre entrep\u00f4t parisien, impression r\u00e9alis\u00e9e apr\u00e8s validation de la commande<\/p>\n","protected":false},"excerpt":{"rendered":"<p>Rotule en PVC rigide avec inclinaison fixe.<br \/>\nTraverses en fibre de verre. Affiche en b\u00e2che B1.<br \/>\nColisage : 20 pcs \/ cartons. Pack sp\u00e9cial routage possible.<br \/>\nU<\/p>\n","protected":false},"featured_media":28022,"template":"","meta":[],"product_cat":[341],"product_tag":[423],"class_list":{"0":"post-28021","1":"product","2":"type-product","3":"status-publish","4":"has-post-thumbnail","6":"product_cat-plv","7":"product_tag-normal","9":"first","10":"instock","11":"shipping-taxable","12":"purchasable","13":"product-type-simple"},"_links":{"self":[{"href":"https:\/\/www.hapy-com.fr\/echoppe\/wp-json\/wp\/v2\/product\/28021","targetHints":{"allow":["GET"]}}],"collection":[{"href":"https:\/\/www.hapy-com.fr\/echoppe\/wp-json\/wp\/v2\/product"}],"about":[{"href":"https:\/\/www.hapy-com.fr\/echoppe\/wp-json\/wp\/v2\/types\/product"}],"wp:featuredmedia":[{"embeddable":true,"href":"https:\/\/www.hapy-com.fr\/echoppe\/wp-json\/wp\/v2\/media\/28022"}],"wp:attachment":[{"href":"https:\/\/www.hapy-com.fr\/echoppe\/wp-json\/wp\/v2\/media?parent=28021"}],"wp:term":[{"taxonomy":"product_cat","embeddable":true,"href":"https:\/\/www.hapy-com.fr\/echoppe\/wp-json\/wp\/v2\/product_cat?post=28021"},{"taxonomy":"product_tag","embeddable":true,"href":"https:\/\/www.hapy-com.fr\/echoppe\/wp-json\/wp\/v2\/product_tag?post=28021"}],"curies":[{"name":"wp","href":"https:\/\/api.w.org\/{rel}","templated":true}]}}