{"id":669,"date":"2020-07-09T08:47:58","date_gmt":"2020-07-09T06:47:58","guid":{"rendered":"https:\/\/www.hapy-com.fr\/express\/?page_id=669"},"modified":"2020-07-28T11:44:10","modified_gmt":"2020-07-28T09:44:10","slug":"nos-valeurs","status":"publish","type":"page","link":"https:\/\/www.hapy-com.fr\/express\/nos-valeurs\/","title":{"rendered":"Nos valeurs"},"content":{"rendered":"\n<h2 style=\"text-align: center;\">NOS VALEURS<\/h2>\n[divider align=&#8221;center&#8221;]\n\n<p class=\"\" style=\"text-align: left;\"><span style=\"font-size: 90%;\">Cette boutique est une extension tout public de notre site internet H\u00e2py-Com r\u00e9serv\u00e9 aux professionnels. Nous avons par ce biais mis en avant avant les valeurs que nous portons, le respect de l\u2019environnement, la r\u00e9ponse aux demandes de personnalisation \u00e0 l\u2019unit\u00e9, la rapidit\u00e9 de fabrication pour r\u00e9pondre aux demandes d\u2019urgences par une grande r\u00e9activit\u00e9, la mise en avant de produits de fabrication Fran\u00e7aise. <\/span><\/p>\n<p class=\"\" style=\"text-align: left;\"><span style=\"font-size: 90%;\">Avec le textile nous r\u00e9pondons \u00e0 ces valeurs par l\u2019utilisation d\u2019encre sans solvant, la proposition de produit uniquement en coton bio \u00e9co-responsable et de fabrication Fran\u00e7aise. Afin d\u2019optimiser la qualit\u00e9 et le rendu de ces encres sans solvant nous proposons des produits \u00e0 fond clair uniquement avec un marquage de qualit\u00e9 quadri en impression directe au format A4 maximum. <\/span><\/p>\n<p class=\"\" style=\"text-align: left;\"><span style=\"font-size: 90%;\">Concernant l\u2019objet vous trouverez principalement des produits de fabrication ou transformation Fran\u00e7aise, en m\u00e9tal durable ou plastique 100% recycl\u00e9-recyclable (alu, acier, cuivre, amidon de mais, bl\u00e9,\u2026) avec une personnalisation par gravure au diamant afin de limiter la consommation d\u2019\u00e9nergie et rendre notre trace carbone \u00e0 taux z\u00e9ro . En commandant chez nous, vous vous assurez un produit unique par sa personnalisation \u00e0 l\u2019unit\u00e9, \u00e9co-responsable par la qualit\u00e9 optimale des grammages propos\u00e9s et des origines des produits. En vous proposant des produits Fran\u00e7ais, c\u2019est \u00e9galement une boucle d\u2019entraide et de soutient que nous mettons en place, l\u2019assurance d\u2019investir \u00e0 court terme sur des usines de proximit\u00e9s qui assureront le travail de nombreux Fran\u00e7ais . <\/span><\/p>\n<p class=\"\" style=\"text-align: left;\"><span style=\"font-size: 90%;\">Alors n\u2019h\u00e9sitez plus, faites vous plaisir, c\u2019est d\u2019utilit\u00e9 public \ud83d\ude09<\/span><\/p>\n\n","protected":false},"excerpt":{"rendered":"<p>NOS VALEURS [divider align=&#8221;center&#8221;] Cette boutique est une extension tout public de notre site internet H\u00e2py-Com r\u00e9serv\u00e9 aux professionnels. Nous avons par ce biais mis en avant avant les valeurs que nous portons, le respect de l\u2019environnement, la r\u00e9ponse aux demandes de personnalisation \u00e0 l\u2019unit\u00e9, la rapidit\u00e9 de fabrication pour r\u00e9pondre aux demandes d\u2019urgences par [&hellip;]<\/p>\n","protected":false},"author":1,"featured_media":0,"parent":0,"menu_order":0,"comment_status":"closed","ping_status":"closed","template":"","meta":{"footnotes":""},"class_list":["post-669","page","type-page","status-publish","hentry"],"_links":{"self":[{"href":"https:\/\/www.hapy-com.fr\/express\/wp-json\/wp\/v2\/pages\/669"}],"collection":[{"href":"https:\/\/www.hapy-com.fr\/express\/wp-json\/wp\/v2\/pages"}],"about":[{"href":"https:\/\/www.hapy-com.fr\/express\/wp-json\/wp\/v2\/types\/page"}],"author":[{"embeddable":true,"href":"https:\/\/www.hapy-com.fr\/express\/wp-json\/wp\/v2\/users\/1"}],"replies":[{"embeddable":true,"href":"https:\/\/www.hapy-com.fr\/express\/wp-json\/wp\/v2\/comments?post=669"}],"version-history":[{"count":7,"href":"https:\/\/www.hapy-com.fr\/express\/wp-json\/wp\/v2\/pages\/669\/revisions"}],"predecessor-version":[{"id":1978,"href":"https:\/\/www.hapy-com.fr\/express\/wp-json\/wp\/v2\/pages\/669\/revisions\/1978"}],"wp:attachment":[{"href":"https:\/\/www.hapy-com.fr\/express\/wp-json\/wp\/v2\/media?parent=669"}],"curies":[{"name":"wp","href":"https:\/\/api.w.org\/{rel}","templated":true}]}}