{"id":2234,"date":"2022-07-13T00:50:51","date_gmt":"2022-07-12T22:50:51","guid":{"rendered":"https:\/\/www.hapy-com.fr\/express\/?post_type=product&#038;p=2234"},"modified":"2022-07-27T10:45:13","modified_gmt":"2022-07-27T08:45:13","slug":"bonnet-tricote","status":"publish","type":"product","link":"https:\/\/www.hapy-com.fr\/express\/product\/bonnet-tricote\/","title":{"rendered":"Bonnet tricot\u00e9"},"content":{"rendered":"<ul>\n<li><span class=\"s1\">En maille c\u00f4tel\u00e9e extensible.<\/span><\/li>\n<\/ul>\n<ul class=\"ul1\">\n<li class=\"li3\"><span class=\"s1\">Doux au toucher.<\/span><\/li>\n<li class=\"li4\"><span class=\"s2\">Style vintage.<\/span><\/li>\n<\/ul>\n<p class=\"p1\"><span class=\"s1\">100% acrylique. Bonnet tricot\u00e9 double \u00e9paisseur 100% polyacrylique. Revers avec logo Carhartt\u00ae.<\/span><\/p>\n","protected":false},"excerpt":{"rendered":"<p>En maille c\u00f4tel\u00e9e extensible. Doux au toucher. Style vintage. 100% acrylique. Bonnet tricot\u00e9 double \u00e9paisseur 100% polyacrylique. Revers avec logo Carhartt\u00ae.<\/p>\n","protected":false},"featured_media":2235,"template":"","meta":[],"product_cat":[183],"product_tag":[],"class_list":{"0":"post-2234","1":"product","2":"type-product","3":"status-publish","4":"has-post-thumbnail","6":"product_cat-tete-base","8":"first","9":"instock","10":"purchasable","11":"product-type-variable"},"supplier_id":null,"supplier_sku":"","barcode":null,"atum_controlled":true,"out_stock_date":null,"out_stock_threshold":null,"inheritable":false,"inbound_stock":null,"stock_on_hold":0,"sold_today":0,"sales_last_days":0,"reserved_stock":null,"customer_returns":null,"warehouse_damage":null,"lost_in_post":null,"other_logs":null,"out_stock_days":0,"lost_sales":0,"has_location":null,"update_date":"2026-05-14T15:01:47","atum_locations":[],"atum_stock_status":"instock","restock_status":false,"low_stock_amount":"","sales_update_date":"2026-05-14T15:01:47","calc_backorders":null,"_links":{"self":[{"href":"https:\/\/www.hapy-com.fr\/express\/wp-json\/wp\/v2\/product\/2234"}],"collection":[{"href":"https:\/\/www.hapy-com.fr\/express\/wp-json\/wp\/v2\/product"}],"about":[{"href":"https:\/\/www.hapy-com.fr\/express\/wp-json\/wp\/v2\/types\/product"}],"wp:featuredmedia":[{"embeddable":true,"href":"https:\/\/www.hapy-com.fr\/express\/wp-json\/wp\/v2\/media\/2235"}],"wp:attachment":[{"href":"https:\/\/www.hapy-com.fr\/express\/wp-json\/wp\/v2\/media?parent=2234"}],"wp:term":[{"taxonomy":"product_cat","embeddable":true,"href":"https:\/\/www.hapy-com.fr\/express\/wp-json\/wp\/v2\/product_cat?post=2234"},{"taxonomy":"product_tag","embeddable":true,"href":"https:\/\/www.hapy-com.fr\/express\/wp-json\/wp\/v2\/product_tag?post=2234"}],"curies":[{"name":"wp","href":"https:\/\/api.w.org\/{rel}","templated":true}]}}