{"id":2245,"date":"2022-07-13T09:45:21","date_gmt":"2022-07-13T07:45:21","guid":{"rendered":"https:\/\/www.hapy-com.fr\/express\/?post_type=product&#038;p=2245"},"modified":"2022-07-27T10:44:58","modified_gmt":"2022-07-27T08:44:58","slug":"casquette-trucker","status":"publish","type":"product","link":"https:\/\/www.hapy-com.fr\/express\/product\/casquette-trucker\/","title":{"rendered":"Casquette Trucker"},"content":{"rendered":"<ul class=\"ul1\">\n<li class=\"li1\"><span class=\"s1\">18 coloris et motifs disponibles.<\/span><\/li>\n<li class=\"li1\"><span class=\"s1\">Douceur et souplesse. Tissage solide et r\u00e9sistant.<\/span><\/li>\n<li class=\"li2\"><span class=\"s3\">Filet arri\u00e8re pour faciliter la respirabilit\u00e9.<\/span><\/li>\n<\/ul>\n<p>BRODERIE 6 cm long \u00a0maxi<\/p>\n<p class=\"p1\"><span class=\"s1\">100% coton bross\u00e9 \u00e9pais sur panneau avant et visi\u00e8re, filet 100% <\/span><span class=\"s2\">polyester<\/span><span class=\"s1\">. 5 panneaux. Languette de r\u00e9glage en plastique. Couleurs camouflages : 85 % coton 15 % <\/span><span class=\"s2\">viscose<\/span><span class=\"s1\">.<\/span><\/p>\n","protected":false},"excerpt":{"rendered":"<p>18 coloris et motifs disponibles. Douceur et souplesse. Tissage solide et r\u00e9sistant. Filet arri\u00e8re pour faciliter la respirabilit\u00e9. BRODERIE 6 cm long \u00a0maxi 100% coton bross\u00e9 \u00e9pais sur panneau avant et visi\u00e8re, filet 100% polyester. 5 panneaux. Languette de r\u00e9glage en plastique. Couleurs camouflages : 85 % coton 15 % viscose.<\/p>\n","protected":false},"featured_media":2246,"template":"","meta":[],"product_cat":[183],"product_tag":[],"class_list":{"0":"post-2245","1":"product","2":"type-product","3":"status-publish","4":"has-post-thumbnail","6":"product_cat-tete-base","8":"first","9":"instock","10":"purchasable","11":"product-type-variable"},"supplier_id":null,"supplier_sku":"","barcode":null,"atum_controlled":true,"out_stock_date":null,"out_stock_threshold":null,"inheritable":false,"inbound_stock":null,"stock_on_hold":1,"sold_today":0,"sales_last_days":0,"reserved_stock":null,"customer_returns":null,"warehouse_damage":null,"lost_in_post":null,"other_logs":null,"out_stock_days":0,"lost_sales":0,"has_location":null,"update_date":"2026-05-13T12:30:19","atum_locations":[],"atum_stock_status":"instock","restock_status":false,"low_stock_amount":"","sales_update_date":"2026-05-13T12:30:19","calc_backorders":null,"_links":{"self":[{"href":"https:\/\/www.hapy-com.fr\/express\/wp-json\/wp\/v2\/product\/2245"}],"collection":[{"href":"https:\/\/www.hapy-com.fr\/express\/wp-json\/wp\/v2\/product"}],"about":[{"href":"https:\/\/www.hapy-com.fr\/express\/wp-json\/wp\/v2\/types\/product"}],"wp:featuredmedia":[{"embeddable":true,"href":"https:\/\/www.hapy-com.fr\/express\/wp-json\/wp\/v2\/media\/2246"}],"wp:attachment":[{"href":"https:\/\/www.hapy-com.fr\/express\/wp-json\/wp\/v2\/media?parent=2245"}],"wp:term":[{"taxonomy":"product_cat","embeddable":true,"href":"https:\/\/www.hapy-com.fr\/express\/wp-json\/wp\/v2\/product_cat?post=2245"},{"taxonomy":"product_tag","embeddable":true,"href":"https:\/\/www.hapy-com.fr\/express\/wp-json\/wp\/v2\/product_tag?post=2245"}],"curies":[{"name":"wp","href":"https:\/\/api.w.org\/{rel}","templated":true}]}}