{"id":752,"date":"2020-07-10T09:45:03","date_gmt":"2020-07-10T07:45:03","guid":{"rendered":"https:\/\/www.hapy-com.fr\/express\/?post_type=product&#038;p=752"},"modified":"2022-07-15T00:44:12","modified_gmt":"2022-07-14T22:44:12","slug":"tasse-en-ceramique","status":"publish","type":"product","link":"https:\/\/www.hapy-com.fr\/express\/product\/tasse-en-ceramique\/","title":{"rendered":"MUG en c\u00e9ramique"},"content":{"rendered":"<p class=\"p1\"><span class=\"s1\">Tasse en c\u00e9ramique de 300ml de capacit\u00e9 en couleur blanche et sp\u00e9cialement con\u00e7ue pour le marquage en sublimation. <\/span><\/p>\n<ul>\n<li class=\"p1\"><span class=\"s1\">Pr\u00e9sent\u00e9 en bo\u00eete individuelle.<\/span><\/li>\n<li class=\"p1\">Marquage photo ou logo ou texte quadri par sublimation (panoramique inclus)<\/li>\n<li class=\"p1\"><span class=\"s1\">Garde les boissons chaudes jusqu&#8217;\u00e0 5 h et froides jusqu&#8217;\u00e0 15h.<\/span><\/li>\n<\/ul>\n","protected":false},"excerpt":{"rendered":"<p class=\"p1\"><span class=\"s1\">Tasse en c\u00e9ramique de 300ml de capacit\u00e9 en couleur blanche et sp\u00e9cialement con\u00e7ue pour le marquage en sublimation. <\/span><\/p>\n<ul>\n<li class=\"p1\"><span class=\"s1\">Pr\u00e9sent\u00e9 en bo\u00eete individuelle.<\/span><\/li>\n<li class=\"p1\">Marquage photo ou logo ou texte quadri par sublimation (panoramique inclus)<\/li>\n<li class=\"p1\"><span class=\"s1\">Garde les boissons chaudes jusqu&#8217;\u00e0 5 h et froides jusqu&#8217;\u00e0 15h.<\/span><\/li>\n<\/ul>\n","protected":false},"featured_media":3131,"template":"","meta":[],"product_cat":[57],"product_tag":[],"class_list":{"0":"post-752","1":"product","2":"type-product","3":"status-publish","4":"has-post-thumbnail","6":"product_cat-objet-responsable","8":"first","9":"instock","10":"taxable","11":"shipping-taxable","12":"purchasable","13":"product-type-simple"},"supplier_id":null,"supplier_sku":"","barcode":null,"atum_controlled":true,"out_stock_date":null,"out_stock_threshold":null,"inheritable":false,"inbound_stock":null,"stock_on_hold":0,"sold_today":0,"sales_last_days":0,"reserved_stock":null,"customer_returns":null,"warehouse_damage":null,"lost_in_post":null,"other_logs":null,"out_stock_days":0,"lost_sales":0,"has_location":null,"update_date":"2026-05-12T06:15:29","atum_locations":[],"atum_stock_status":"instock","restock_status":false,"low_stock_amount":"","sales_update_date":"2026-05-12T06:15:29","calc_backorders":null,"_links":{"self":[{"href":"https:\/\/www.hapy-com.fr\/express\/wp-json\/wp\/v2\/product\/752"}],"collection":[{"href":"https:\/\/www.hapy-com.fr\/express\/wp-json\/wp\/v2\/product"}],"about":[{"href":"https:\/\/www.hapy-com.fr\/express\/wp-json\/wp\/v2\/types\/product"}],"wp:featuredmedia":[{"embeddable":true,"href":"https:\/\/www.hapy-com.fr\/express\/wp-json\/wp\/v2\/media\/3131"}],"wp:attachment":[{"href":"https:\/\/www.hapy-com.fr\/express\/wp-json\/wp\/v2\/media?parent=752"}],"wp:term":[{"taxonomy":"product_cat","embeddable":true,"href":"https:\/\/www.hapy-com.fr\/express\/wp-json\/wp\/v2\/product_cat?post=752"},{"taxonomy":"product_tag","embeddable":true,"href":"https:\/\/www.hapy-com.fr\/express\/wp-json\/wp\/v2\/product_tag?post=752"}],"curies":[{"name":"wp","href":"https:\/\/api.w.org\/{rel}","templated":true}]}}