{"id":819,"date":"2020-07-10T10:21:03","date_gmt":"2020-07-10T08:21:03","guid":{"rendered":"https:\/\/www.hapy-com.fr\/express\/?post_type=product&#038;p=819"},"modified":"2022-07-29T14:33:51","modified_gmt":"2022-07-29T12:33:51","slug":"cle-usb","status":"publish","type":"product","link":"https:\/\/www.hapy-com.fr\/express\/product\/cle-usb\/","title":{"rendered":"Cl\u00e9 USB 16GB \u00e9co-friendly"},"content":{"rendered":"<div>\n<p class=\"p1\"><span class=\"s1\">Cl\u00e9 USB de 16 Go, de la gamme \u00e9co-friendly. Corps en carton recycl\u00e9, pr\u00e9sent\u00e9 dans un \u00e9tui en li\u00e8ge naturel, livr\u00e9 sous emballage \u00e9co design individuel.<\/span><\/p>\n<ul>\n<li class=\"p2\"><span class=\"s1\">Pochette en li\u00e8ge naturel Inclus<\/span><\/li>\n<li class=\"p3\"><span class=\"s2\">Carton Recycl\u00e9<\/span><\/li>\n<li class=\"p1\"><span class=\"s1\">2.9 x 7 x 0.5 cm | 5 gr.<\/span><\/li>\n<\/ul>\n<\/div>\n<div>\u00a0Marquage par gravure laser cl\u00e9 inclus\u00a0 + 3 \u20ac \u00a0TTC pour gravure pochette.<\/div>\n<div><\/div>\n<div>Taxes DEEE SORECOP incluses<\/div>\n","protected":false},"excerpt":{"rendered":"<div>\n<p class=\"p1\"><span class=\"s1\">Cl\u00e9 USB de 16 Go, de la gamme \u00e9co-friendly. Corps en carton recycl\u00e9, pr\u00e9sent\u00e9 dans un \u00e9tui en li\u00e8ge naturel, livr\u00e9 sous emballage \u00e9co design individuel.<\/span><\/p>\n<ul>\n<li class=\"p2\"><span class=\"s1\">Pochette en li\u00e8ge naturel Inclus<\/span><\/li>\n<li class=\"p3\"><span class=\"s2\">Carton Recycl\u00e9<\/span><\/li>\n<li class=\"p1\"><span class=\"s1\">2.9 x 7 x 0.5 cm | 5 gr.<\/span><\/li>\n<\/ul>\n<\/div>\n<div>\u00a0Marquage par gravure laser cl\u00e9 inclus\u00a0 + 3 \u20ac \u00a0TTC pour gravure pochette.<\/div>\n<div><\/div>\n<div>\n<p class=\"p1\"><strong>Taxes incluses<span class=\"Apple-converted-space\"> dans le prix.<\/span><\/strong><\/p>\n<\/div>\n","protected":false},"featured_media":3136,"template":"","meta":[],"product_cat":[57],"product_tag":[],"class_list":{"0":"post-819","1":"product","2":"type-product","3":"status-publish","4":"has-post-thumbnail","6":"product_cat-objet-responsable","8":"first","9":"instock","10":"purchasable","11":"product-type-simple"},"supplier_id":null,"supplier_sku":"","barcode":null,"atum_controlled":true,"out_stock_date":null,"out_stock_threshold":null,"inheritable":false,"inbound_stock":null,"stock_on_hold":0,"sold_today":0,"sales_last_days":0,"reserved_stock":null,"customer_returns":null,"warehouse_damage":null,"lost_in_post":null,"other_logs":null,"out_stock_days":0,"lost_sales":0,"has_location":null,"update_date":"2026-05-12T06:15:40","atum_locations":[],"atum_stock_status":"instock","restock_status":false,"low_stock_amount":"","sales_update_date":"2026-05-12T06:15:40","calc_backorders":null,"_links":{"self":[{"href":"https:\/\/www.hapy-com.fr\/express\/wp-json\/wp\/v2\/product\/819"}],"collection":[{"href":"https:\/\/www.hapy-com.fr\/express\/wp-json\/wp\/v2\/product"}],"about":[{"href":"https:\/\/www.hapy-com.fr\/express\/wp-json\/wp\/v2\/types\/product"}],"wp:featuredmedia":[{"embeddable":true,"href":"https:\/\/www.hapy-com.fr\/express\/wp-json\/wp\/v2\/media\/3136"}],"wp:attachment":[{"href":"https:\/\/www.hapy-com.fr\/express\/wp-json\/wp\/v2\/media?parent=819"}],"wp:term":[{"taxonomy":"product_cat","embeddable":true,"href":"https:\/\/www.hapy-com.fr\/express\/wp-json\/wp\/v2\/product_cat?post=819"},{"taxonomy":"product_tag","embeddable":true,"href":"https:\/\/www.hapy-com.fr\/express\/wp-json\/wp\/v2\/product_tag?post=819"}],"curies":[{"name":"wp","href":"https:\/\/api.w.org\/{rel}","templated":true}]}}